{"id":407,"date":"2022-11-10T15:31:38","date_gmt":"2022-11-10T14:31:38","guid":{"rendered":"http:\/\/test2.local\/?page_id=407"},"modified":"2023-03-07T15:58:20","modified_gmt":"2023-03-07T14:58:20","slug":"a-propos-about-tailorsurfboards-planche-shape-shaper-ma-devise-vagues","status":"publish","type":"page","link":"https:\/\/tailorsurfboards.com\/index.php\/a-propos-about-tailorsurfboards-planche-shape-shaper-ma-devise-vagues\/","title":{"rendered":"About"},"content":{"rendered":"\n<p><\/p>\n\n\n\n<div class=\"wp-block-cover alignfull is-light\" style=\"min-height:600px;aspect-ratio:unset;\"><span aria-hidden=\"true\" class=\"wp-block-cover__background has-background-dim\"><\/span><img data-recalc-dims=\"1\" loading=\"lazy\" decoding=\"async\" width=\"963\" height=\"642\" class=\"wp-block-cover__image-background wp-image-255\" alt=\"A propos Tailorsurfboards shaper planche surf description\" src=\"https:\/\/i0.wp.com\/tailorsurfboards.com\/wp-content\/uploads\/2022\/10\/custom-1.jpg?resize=963%2C642&#038;ssl=1\" data-object-fit=\"cover\" srcset=\"https:\/\/i0.wp.com\/tailorsurfboards.com\/wp-content\/uploads\/2022\/10\/custom-1.jpg?w=963&amp;ssl=1 963w, https:\/\/i0.wp.com\/tailorsurfboards.com\/wp-content\/uploads\/2022\/10\/custom-1.jpg?resize=300%2C200&amp;ssl=1 300w, https:\/\/i0.wp.com\/tailorsurfboards.com\/wp-content\/uploads\/2022\/10\/custom-1.jpg?resize=768%2C512&amp;ssl=1 768w, https:\/\/i0.wp.com\/tailorsurfboards.com\/wp-content\/uploads\/2022\/10\/custom-1.jpg?resize=600%2C400&amp;ssl=1 600w\" sizes=\"auto, (max-width: 963px) 100vw, 963px\" \/><div class=\"wp-block-cover__inner-container is-layout-flow wp-block-cover-is-layout-flow\">\n<p class=\"has-text-align-center has-large-font-size\">N<\/p>\n<\/div><\/div>\n\n\n\n<div style=\"height:50px\" aria-hidden=\"true\" class=\"wp-block-spacer\"><\/div>\n\n\n\n<div class=\"wp-block-columns is-layout-flex wp-container-core-columns-is-layout-9d6595d7 wp-block-columns-is-layout-flex\">\n<div class=\"wp-block-column is-layout-flow wp-block-column-is-layout-flow\">\n<figure class=\"wp-block-image size-large\"><img data-recalc-dims=\"1\" loading=\"lazy\" decoding=\"async\" width=\"682\" height=\"1024\" src=\"https:\/\/i0.wp.com\/tailorsurfboards.com\/wp-content\/uploads\/2022\/11\/A_Propos.jpg?resize=682%2C1024&#038;ssl=1\" alt=\"\" class=\"wp-image-576\" srcset=\"https:\/\/i0.wp.com\/tailorsurfboards.com\/wp-content\/uploads\/2022\/11\/A_Propos.jpg?resize=682%2C1024&amp;ssl=1 682w, https:\/\/i0.wp.com\/tailorsurfboards.com\/wp-content\/uploads\/2022\/11\/A_Propos.jpg?resize=200%2C300&amp;ssl=1 200w, https:\/\/i0.wp.com\/tailorsurfboards.com\/wp-content\/uploads\/2022\/11\/A_Propos.jpg?w=705&amp;ssl=1 705w\" sizes=\"auto, (max-width: 682px) 100vw, 682px\" \/><\/figure>\n<\/div>\n\n\n\n<div class=\"wp-block-column is-layout-flow wp-block-column-is-layout-flow\">\n<h2 class=\"wp-block-heading\">Qui suis-je ?<\/h2>\n\n\n\n<p>Surfeur de petites, moyennes et grandes planches, shaper depuis 7 ans, je shape des planches adapt\u00e9es \u00e0 tous les surfeurs et toutes les vagues.<\/p>\n\n\n\n<p><br>Je r\u00e9alise l\u2019ensemble des \u00e9tapes, fa\u00e7onner le pain de mousse, strater la planche, la glasser et la poncer. Le conseil, l\u2019\u00e9change et le partage autour du surf, du shape et de la glisse font partie int\u00e9grante de ce qui d\u00e9finira votre planche.<\/p>\n\n\n\n<h2 class=\"wp-block-heading\">Ma devise : More waves, More fun !!<\/h2>\n\n\n\n<p><\/p>\n\n\n\n<p>Si tu veux en savoir plus, \u00e9coute ce podcast :&nbsp;<a href=\"https:\/\/l.facebook.com\/l.php?u=https%3A%2F%2Fwww.shapeologie.fr%2Fepisodes%2Finterview-tailor-surfboards%3Ffbclid%3DIwAR2s0oYRMyQiSkrGbZpWlyRO_L3-_mdBt9DFQG0gx2TK3_DK-qjWv3wlVmA&amp;h=AT0DMYgcmT2WKT_5vFB-ZbNIB4R4fOSwQo3ABhtGRoseNR6KFNz7gyANprbHSY80JgfWteFxyAGqGdw5SqM5Isq0PL-YHHE314NvH2yJlDbmlmCUR4091Ulv42hcgWpnvJEc3N_Fiw386x5Vui2Z_MWc\" target=\"_blank\" rel=\"noreferrer noopener\">https:\/\/www.shapeologie.fr\/episodes\/interview-tailor-surfboards<\/a><\/p>\n\n\n\n<div class=\"wp-block-buttons is-content-justification-right is-layout-flex wp-container-core-buttons-is-layout-765c4724 wp-block-buttons-is-layout-flex\">\n<div class=\"wp-block-button is-style-outline is-style-outline--1\"><a class=\"wp-block-button__link wp-element-button\" href=\"https:\/\/www.shapeologie.fr\/episodes\/interview-tailor-surfboards\">\u00c9couter le podcast<\/a><\/div>\n<\/div>\n<\/div>\n<\/div>\n\n\n\n<div class=\"wp-block-buttons is-content-justification-right is-layout-flex wp-container-core-buttons-is-layout-765c4724 wp-block-buttons-is-layout-flex\"><\/div>\n\n\n\n<div style=\"height:50px\" aria-hidden=\"true\" class=\"wp-block-spacer\"><\/div>\n\n\n\n<hr class=\"wp-block-separator alignfull has-alpha-channel-opacity\"\/>\n\n\n<div class=\"wp-block-image\">\n<figure class=\"aligncenter size-thumbnail\"><img data-recalc-dims=\"1\" loading=\"lazy\" decoding=\"async\" width=\"150\" height=\"150\" src=\"https:\/\/i0.wp.com\/tailorsurfboards.com\/wp-content\/uploads\/2022\/10\/torse-1.png?resize=150%2C150&#038;ssl=1\" alt=\"\" class=\"wp-image-401\" srcset=\"https:\/\/i0.wp.com\/tailorsurfboards.com\/wp-content\/uploads\/2022\/10\/torse-1.png?resize=150%2C150&amp;ssl=1 150w, https:\/\/i0.wp.com\/tailorsurfboards.com\/wp-content\/uploads\/2022\/10\/torse-1.png?zoom=2&amp;resize=150%2C150&amp;ssl=1 300w, https:\/\/i0.wp.com\/tailorsurfboards.com\/wp-content\/uploads\/2022\/10\/torse-1.png?zoom=3&amp;resize=150%2C150&amp;ssl=1 450w\" sizes=\"auto, (max-width: 150px) 100vw, 150px\" \/><figcaption class=\"wp-element-caption\">TAILORSURFBOARDS<\/figcaption><\/figure>\n<\/div>\n\n\n<p class=\"has-text-align-center\">3 rue Gay 33400 Talence<\/p>\n\n\n\n<p class=\"has-text-align-center\">FRANCE<\/p>\n","protected":false},"excerpt":{"rendered":"<p>Qui suis-je ? Surfeur de petites, moyennes et grandes planches, shaper depuis 7 ans, je shape des planches adapt\u00e9es \u00e0 tous les surfeurs et toutes les vagues. Je r\u00e9alise l\u2019ensemble des \u00e9tapes, fa\u00e7onner le pain de mousse, strater la planche, la glasser et la poncer. Le conseil, l\u2019\u00e9change et le partage autour du surf, du [&hellip;]<\/p>\n","protected":false},"author":2,"featured_media":0,"parent":0,"menu_order":0,"comment_status":"closed","ping_status":"closed","template":"","meta":{"ocean_post_layout":"","ocean_both_sidebars_style":"","ocean_both_sidebars_content_width":0,"ocean_both_sidebars_sidebars_width":0,"ocean_sidebar":"0","ocean_second_sidebar":"0","ocean_disable_margins":"enable","ocean_add_body_class":"","ocean_shortcode_before_top_bar":"","ocean_shortcode_after_top_bar":"","ocean_shortcode_before_header":"","ocean_shortcode_after_header":"","ocean_has_shortcode":"","ocean_shortcode_after_title":"","ocean_shortcode_before_footer_widgets":"","ocean_shortcode_after_footer_widgets":"","ocean_shortcode_before_footer_bottom":"","ocean_shortcode_after_footer_bottom":"","ocean_display_top_bar":"default","ocean_display_header":"default","ocean_header_style":"","ocean_center_header_left_menu":"0","ocean_custom_header_template":"0","ocean_custom_logo":0,"ocean_custom_retina_logo":0,"ocean_custom_logo_max_width":0,"ocean_custom_logo_tablet_max_width":0,"ocean_custom_logo_mobile_max_width":0,"ocean_custom_logo_max_height":0,"ocean_custom_logo_tablet_max_height":0,"ocean_custom_logo_mobile_max_height":0,"ocean_header_custom_menu":"0","ocean_menu_typo_font_family":"0","ocean_menu_typo_font_subset":"","ocean_menu_typo_font_size":0,"ocean_menu_typo_font_size_tablet":0,"ocean_menu_typo_font_size_mobile":0,"ocean_menu_typo_font_size_unit":"px","ocean_menu_typo_font_weight":"","ocean_menu_typo_font_weight_tablet":"","ocean_menu_typo_font_weight_mobile":"","ocean_menu_typo_transform":"","ocean_menu_typo_transform_tablet":"","ocean_menu_typo_transform_mobile":"","ocean_menu_typo_line_height":0,"ocean_menu_typo_line_height_tablet":0,"ocean_menu_typo_line_height_mobile":0,"ocean_menu_typo_line_height_unit":"","ocean_menu_typo_spacing":0,"ocean_menu_typo_spacing_tablet":0,"ocean_menu_typo_spacing_mobile":0,"ocean_menu_typo_spacing_unit":"","ocean_menu_link_color":"","ocean_menu_link_color_hover":"","ocean_menu_link_color_active":"","ocean_menu_link_background":"","ocean_menu_link_hover_background":"","ocean_menu_link_active_background":"","ocean_menu_social_links_bg":"","ocean_menu_social_hover_links_bg":"","ocean_menu_social_links_color":"","ocean_menu_social_hover_links_color":"","ocean_disable_title":"on","ocean_disable_heading":"default","ocean_post_title":"","ocean_post_subheading":"","ocean_post_title_style":"","ocean_post_title_background_color":"","ocean_post_title_background":0,"ocean_post_title_bg_image_position":"","ocean_post_title_bg_image_attachment":"","ocean_post_title_bg_image_repeat":"","ocean_post_title_bg_image_size":"","ocean_post_title_height":0,"ocean_post_title_bg_overlay":0.5,"ocean_post_title_bg_overlay_color":"","ocean_disable_breadcrumbs":"default","ocean_breadcrumbs_color":"","ocean_breadcrumbs_separator_color":"","ocean_breadcrumbs_links_color":"","ocean_breadcrumbs_links_hover_color":"","ocean_display_footer_widgets":"default","ocean_display_footer_bottom":"default","ocean_custom_footer_template":"0","footnotes":""},"class_list":["post-407","page","type-page","status-publish","hentry","entry"],"yoast_head":"<!-- This site is optimized with the Yoast SEO plugin v27.4 - https:\/\/yoast.com\/product\/yoast-seo-wordpress\/ -->\n<title>About - TAILORSURFBOARDS<\/title>\n<meta name=\"description\" content=\"Tu cherche ta prochaine planche ? Je suis surfeur shaper \u00e0 Bordeaux. Ma devise : more waves, more fun contact moi.\" \/>\n<meta name=\"robots\" content=\"index, follow, max-snippet:-1, max-image-preview:large, max-video-preview:-1\" \/>\n<link rel=\"canonical\" href=\"https:\/\/tailorsurfboards.com\/index.php\/a-propos-about-tailorsurfboards-planche-shape-shaper-ma-devise-vagues\/\" \/>\n<meta property=\"og:locale\" content=\"fr_FR\" \/>\n<meta property=\"og:type\" content=\"article\" \/>\n<meta property=\"og:title\" content=\"About - TAILORSURFBOARDS\" \/>\n<meta property=\"og:description\" content=\"Tu cherche ta prochaine planche ? Je suis surfeur shaper \u00e0 Bordeaux. Ma devise : more waves, more fun contact moi.\" \/>\n<meta property=\"og:url\" content=\"https:\/\/tailorsurfboards.com\/index.php\/a-propos-about-tailorsurfboards-planche-shape-shaper-ma-devise-vagues\/\" \/>\n<meta property=\"og:site_name\" content=\"TAILORSURFBOARDS\" \/>\n<meta property=\"article:publisher\" content=\"https:\/\/www.facebook.com\/TailorSurf\" \/>\n<meta property=\"article:modified_time\" content=\"2023-03-07T14:58:20+00:00\" \/>\n<meta property=\"og:image\" content=\"https:\/\/tailorsurfboards.com\/wp-content\/uploads\/2022\/10\/custom-1.jpg\" \/>\n<meta name=\"twitter:card\" content=\"summary_large_image\" \/>\n<meta name=\"twitter:label1\" content=\"Dur\u00e9e de lecture estim\u00e9e\" \/>\n\t<meta name=\"twitter:data1\" content=\"2 minutes\" \/>\n<script type=\"application\/ld+json\" class=\"yoast-schema-graph\">{\"@context\":\"https:\\\/\\\/schema.org\",\"@graph\":[{\"@type\":\"WebPage\",\"@id\":\"https:\\\/\\\/tailorsurfboards.com\\\/index.php\\\/a-propos-about-tailorsurfboards-planche-shape-shaper-ma-devise-vagues\\\/\",\"url\":\"https:\\\/\\\/tailorsurfboards.com\\\/index.php\\\/a-propos-about-tailorsurfboards-planche-shape-shaper-ma-devise-vagues\\\/\",\"name\":\"About - TAILORSURFBOARDS\",\"isPartOf\":{\"@id\":\"https:\\\/\\\/tailorsurfboards.com\\\/#website\"},\"primaryImageOfPage\":{\"@id\":\"https:\\\/\\\/tailorsurfboards.com\\\/index.php\\\/a-propos-about-tailorsurfboards-planche-shape-shaper-ma-devise-vagues\\\/#primaryimage\"},\"image\":{\"@id\":\"https:\\\/\\\/tailorsurfboards.com\\\/index.php\\\/a-propos-about-tailorsurfboards-planche-shape-shaper-ma-devise-vagues\\\/#primaryimage\"},\"thumbnailUrl\":\"https:\\\/\\\/tailorsurfboards.com\\\/wp-content\\\/uploads\\\/2022\\\/10\\\/custom-1.jpg\",\"datePublished\":\"2022-11-10T14:31:38+00:00\",\"dateModified\":\"2023-03-07T14:58:20+00:00\",\"description\":\"Tu cherche ta prochaine planche ? Je suis surfeur shaper \u00e0 Bordeaux. Ma devise : more waves, more fun contact moi.\",\"breadcrumb\":{\"@id\":\"https:\\\/\\\/tailorsurfboards.com\\\/index.php\\\/a-propos-about-tailorsurfboards-planche-shape-shaper-ma-devise-vagues\\\/#breadcrumb\"},\"inLanguage\":\"fr-FR\",\"potentialAction\":[{\"@type\":\"ReadAction\",\"target\":[\"https:\\\/\\\/tailorsurfboards.com\\\/index.php\\\/a-propos-about-tailorsurfboards-planche-shape-shaper-ma-devise-vagues\\\/\"]}]},{\"@type\":\"ImageObject\",\"inLanguage\":\"fr-FR\",\"@id\":\"https:\\\/\\\/tailorsurfboards.com\\\/index.php\\\/a-propos-about-tailorsurfboards-planche-shape-shaper-ma-devise-vagues\\\/#primaryimage\",\"url\":\"https:\\\/\\\/i0.wp.com\\\/tailorsurfboards.com\\\/wp-content\\\/uploads\\\/2022\\\/10\\\/custom-1.jpg?fit=963%2C642&ssl=1\",\"contentUrl\":\"https:\\\/\\\/i0.wp.com\\\/tailorsurfboards.com\\\/wp-content\\\/uploads\\\/2022\\\/10\\\/custom-1.jpg?fit=963%2C642&ssl=1\",\"width\":963,\"height\":642,\"caption\":\"TAILORSURFBOARDS\"},{\"@type\":\"BreadcrumbList\",\"@id\":\"https:\\\/\\\/tailorsurfboards.com\\\/index.php\\\/a-propos-about-tailorsurfboards-planche-shape-shaper-ma-devise-vagues\\\/#breadcrumb\",\"itemListElement\":[{\"@type\":\"ListItem\",\"position\":1,\"name\":\"Accueil\",\"item\":\"https:\\\/\\\/tailorsurfboards.com\\\/\"},{\"@type\":\"ListItem\",\"position\":2,\"name\":\"About\"}]},{\"@type\":\"WebSite\",\"@id\":\"https:\\\/\\\/tailorsurfboards.com\\\/#website\",\"url\":\"https:\\\/\\\/tailorsurfboards.com\\\/\",\"name\":\"TAILORSURFBOARDS\",\"description\":\"More Wave, More Fun\",\"publisher\":{\"@id\":\"https:\\\/\\\/tailorsurfboards.com\\\/#organization\"},\"potentialAction\":[{\"@type\":\"SearchAction\",\"target\":{\"@type\":\"EntryPoint\",\"urlTemplate\":\"https:\\\/\\\/tailorsurfboards.com\\\/?s={search_term_string}\"},\"query-input\":{\"@type\":\"PropertyValueSpecification\",\"valueRequired\":true,\"valueName\":\"search_term_string\"}}],\"inLanguage\":\"fr-FR\"},{\"@type\":\"Organization\",\"@id\":\"https:\\\/\\\/tailorsurfboards.com\\\/#organization\",\"name\":\"tailorsurfboards\",\"url\":\"https:\\\/\\\/tailorsurfboards.com\\\/\",\"logo\":{\"@type\":\"ImageObject\",\"inLanguage\":\"fr-FR\",\"@id\":\"https:\\\/\\\/tailorsurfboards.com\\\/#\\\/schema\\\/logo\\\/image\\\/\",\"url\":\"https:\\\/\\\/i0.wp.com\\\/tailorsurfboards.com\\\/wp-content\\\/uploads\\\/2023\\\/01\\\/entete.jpg?fit=1814%2C489&ssl=1\",\"contentUrl\":\"https:\\\/\\\/i0.wp.com\\\/tailorsurfboards.com\\\/wp-content\\\/uploads\\\/2023\\\/01\\\/entete.jpg?fit=1814%2C489&ssl=1\",\"width\":1814,\"height\":489,\"caption\":\"tailorsurfboards\"},\"image\":{\"@id\":\"https:\\\/\\\/tailorsurfboards.com\\\/#\\\/schema\\\/logo\\\/image\\\/\"},\"sameAs\":[\"https:\\\/\\\/www.facebook.com\\\/TailorSurf\",\"https:\\\/\\\/www.instagram.com\\\/tailorsurfboards\\\/?hl=fr\"]}]}<\/script>\n<!-- \/ Yoast SEO plugin. -->","yoast_head_json":{"title":"About - TAILORSURFBOARDS","description":"Tu cherche ta prochaine planche ? Je suis surfeur shaper \u00e0 Bordeaux. Ma devise : more waves, more fun contact moi.","robots":{"index":"index","follow":"follow","max-snippet":"max-snippet:-1","max-image-preview":"max-image-preview:large","max-video-preview":"max-video-preview:-1"},"canonical":"https:\/\/tailorsurfboards.com\/index.php\/a-propos-about-tailorsurfboards-planche-shape-shaper-ma-devise-vagues\/","og_locale":"fr_FR","og_type":"article","og_title":"About - TAILORSURFBOARDS","og_description":"Tu cherche ta prochaine planche ? Je suis surfeur shaper \u00e0 Bordeaux. Ma devise : more waves, more fun contact moi.","og_url":"https:\/\/tailorsurfboards.com\/index.php\/a-propos-about-tailorsurfboards-planche-shape-shaper-ma-devise-vagues\/","og_site_name":"TAILORSURFBOARDS","article_publisher":"https:\/\/www.facebook.com\/TailorSurf","article_modified_time":"2023-03-07T14:58:20+00:00","og_image":[{"url":"https:\/\/tailorsurfboards.com\/wp-content\/uploads\/2022\/10\/custom-1.jpg","type":"","width":"","height":""}],"twitter_card":"summary_large_image","twitter_misc":{"Dur\u00e9e de lecture estim\u00e9e":"2 minutes"},"schema":{"@context":"https:\/\/schema.org","@graph":[{"@type":"WebPage","@id":"https:\/\/tailorsurfboards.com\/index.php\/a-propos-about-tailorsurfboards-planche-shape-shaper-ma-devise-vagues\/","url":"https:\/\/tailorsurfboards.com\/index.php\/a-propos-about-tailorsurfboards-planche-shape-shaper-ma-devise-vagues\/","name":"About - TAILORSURFBOARDS","isPartOf":{"@id":"https:\/\/tailorsurfboards.com\/#website"},"primaryImageOfPage":{"@id":"https:\/\/tailorsurfboards.com\/index.php\/a-propos-about-tailorsurfboards-planche-shape-shaper-ma-devise-vagues\/#primaryimage"},"image":{"@id":"https:\/\/tailorsurfboards.com\/index.php\/a-propos-about-tailorsurfboards-planche-shape-shaper-ma-devise-vagues\/#primaryimage"},"thumbnailUrl":"https:\/\/tailorsurfboards.com\/wp-content\/uploads\/2022\/10\/custom-1.jpg","datePublished":"2022-11-10T14:31:38+00:00","dateModified":"2023-03-07T14:58:20+00:00","description":"Tu cherche ta prochaine planche ? Je suis surfeur shaper \u00e0 Bordeaux. Ma devise : more waves, more fun contact moi.","breadcrumb":{"@id":"https:\/\/tailorsurfboards.com\/index.php\/a-propos-about-tailorsurfboards-planche-shape-shaper-ma-devise-vagues\/#breadcrumb"},"inLanguage":"fr-FR","potentialAction":[{"@type":"ReadAction","target":["https:\/\/tailorsurfboards.com\/index.php\/a-propos-about-tailorsurfboards-planche-shape-shaper-ma-devise-vagues\/"]}]},{"@type":"ImageObject","inLanguage":"fr-FR","@id":"https:\/\/tailorsurfboards.com\/index.php\/a-propos-about-tailorsurfboards-planche-shape-shaper-ma-devise-vagues\/#primaryimage","url":"https:\/\/i0.wp.com\/tailorsurfboards.com\/wp-content\/uploads\/2022\/10\/custom-1.jpg?fit=963%2C642&ssl=1","contentUrl":"https:\/\/i0.wp.com\/tailorsurfboards.com\/wp-content\/uploads\/2022\/10\/custom-1.jpg?fit=963%2C642&ssl=1","width":963,"height":642,"caption":"TAILORSURFBOARDS"},{"@type":"BreadcrumbList","@id":"https:\/\/tailorsurfboards.com\/index.php\/a-propos-about-tailorsurfboards-planche-shape-shaper-ma-devise-vagues\/#breadcrumb","itemListElement":[{"@type":"ListItem","position":1,"name":"Accueil","item":"https:\/\/tailorsurfboards.com\/"},{"@type":"ListItem","position":2,"name":"About"}]},{"@type":"WebSite","@id":"https:\/\/tailorsurfboards.com\/#website","url":"https:\/\/tailorsurfboards.com\/","name":"TAILORSURFBOARDS","description":"More Wave, More Fun","publisher":{"@id":"https:\/\/tailorsurfboards.com\/#organization"},"potentialAction":[{"@type":"SearchAction","target":{"@type":"EntryPoint","urlTemplate":"https:\/\/tailorsurfboards.com\/?s={search_term_string}"},"query-input":{"@type":"PropertyValueSpecification","valueRequired":true,"valueName":"search_term_string"}}],"inLanguage":"fr-FR"},{"@type":"Organization","@id":"https:\/\/tailorsurfboards.com\/#organization","name":"tailorsurfboards","url":"https:\/\/tailorsurfboards.com\/","logo":{"@type":"ImageObject","inLanguage":"fr-FR","@id":"https:\/\/tailorsurfboards.com\/#\/schema\/logo\/image\/","url":"https:\/\/i0.wp.com\/tailorsurfboards.com\/wp-content\/uploads\/2023\/01\/entete.jpg?fit=1814%2C489&ssl=1","contentUrl":"https:\/\/i0.wp.com\/tailorsurfboards.com\/wp-content\/uploads\/2023\/01\/entete.jpg?fit=1814%2C489&ssl=1","width":1814,"height":489,"caption":"tailorsurfboards"},"image":{"@id":"https:\/\/tailorsurfboards.com\/#\/schema\/logo\/image\/"},"sameAs":["https:\/\/www.facebook.com\/TailorSurf","https:\/\/www.instagram.com\/tailorsurfboards\/?hl=fr"]}]}},"jetpack_sharing_enabled":true,"_links":{"self":[{"href":"https:\/\/tailorsurfboards.com\/index.php\/wp-json\/wp\/v2\/pages\/407","targetHints":{"allow":["GET"]}}],"collection":[{"href":"https:\/\/tailorsurfboards.com\/index.php\/wp-json\/wp\/v2\/pages"}],"about":[{"href":"https:\/\/tailorsurfboards.com\/index.php\/wp-json\/wp\/v2\/types\/page"}],"author":[{"embeddable":true,"href":"https:\/\/tailorsurfboards.com\/index.php\/wp-json\/wp\/v2\/users\/2"}],"replies":[{"embeddable":true,"href":"https:\/\/tailorsurfboards.com\/index.php\/wp-json\/wp\/v2\/comments?post=407"}],"version-history":[{"count":6,"href":"https:\/\/tailorsurfboards.com\/index.php\/wp-json\/wp\/v2\/pages\/407\/revisions"}],"predecessor-version":[{"id":873,"href":"https:\/\/tailorsurfboards.com\/index.php\/wp-json\/wp\/v2\/pages\/407\/revisions\/873"}],"wp:attachment":[{"href":"https:\/\/tailorsurfboards.com\/index.php\/wp-json\/wp\/v2\/media?parent=407"}],"curies":[{"name":"wp","href":"https:\/\/api.w.org\/{rel}","templated":true}]}}