{"id":534,"date":"2022-11-10T20:16:49","date_gmt":"2022-11-10T20:16:49","guid":{"rendered":"http:\/\/test2.local\/?page_id=432"},"modified":"2023-03-07T17:36:14","modified_gmt":"2023-03-07T16:36:14","slug":"planche-de-surf-bordeaux-midlength-twin-channels-sprintomn","status":"publish","type":"page","link":"https:\/\/tailorsurfboards.com\/index.php\/planche-de-surf-bordeaux-midlength-twin-channels-sprintomn\/","title":{"rendered":"Sprintomn"},"content":{"rendered":"\n<div class=\"wp-block-cover alignfull is-light has-large-font-size\" style=\"min-height:600px;aspect-ratio:unset;\"><span aria-hidden=\"true\" class=\"wp-block-cover__background has-background-dim-30 has-background-dim\"><\/span><img data-recalc-dims=\"1\" loading=\"lazy\" decoding=\"async\" width=\"1200\" height=\"1600\" class=\"wp-block-cover__image-background wp-image-345\" alt=\"\" src=\"https:\/\/i0.wp.com\/tailorsurfboards.com\/wp-content\/uploads\/2022\/10\/295686288_866131051048093_5811880305033849173_n.jpg?resize=1200%2C1600&#038;ssl=1\" data-object-fit=\"cover\" srcset=\"https:\/\/i0.wp.com\/tailorsurfboards.com\/wp-content\/uploads\/2022\/10\/295686288_866131051048093_5811880305033849173_n.jpg?w=1536&amp;ssl=1 1536w, https:\/\/i0.wp.com\/tailorsurfboards.com\/wp-content\/uploads\/2022\/10\/295686288_866131051048093_5811880305033849173_n.jpg?resize=225%2C300&amp;ssl=1 225w, https:\/\/i0.wp.com\/tailorsurfboards.com\/wp-content\/uploads\/2022\/10\/295686288_866131051048093_5811880305033849173_n.jpg?resize=768%2C1024&amp;ssl=1 768w, https:\/\/i0.wp.com\/tailorsurfboards.com\/wp-content\/uploads\/2022\/10\/295686288_866131051048093_5811880305033849173_n.jpg?resize=1152%2C1536&amp;ssl=1 1152w\" sizes=\"auto, (max-width: 1200px) 100vw, 1200px\" \/><div class=\"wp-block-cover__inner-container is-layout-flow wp-block-cover-is-layout-flow\">\n<p class=\"has-text-align-center has-white-color has-text-color has-large-font-size\">THE SPRINTOMN<\/p>\n<\/div><\/div>\n\n\n\n<div style=\"height:50px\" aria-hidden=\"true\" class=\"wp-block-spacer\"><\/div>\n\n\n\n<div class=\"wp-block-columns alignwide has-text-color has-background is-layout-flex wp-container-core-columns-is-layout-9d6595d7 wp-block-columns-is-layout-flex\" style=\"color:#000000;background-color:#ffffff\">\n<div class=\"wp-block-column is-vertically-aligned-top is-layout-flow wp-block-column-is-layout-flow\">\n<h3 class=\"wp-block-heading\" style=\"font-size:24px;line-height:1.3\"><\/h3>\n\n\n\n<div class=\"wp-block-group\"><div class=\"wp-block-group__inner-container is-layout-constrained wp-block-group-is-layout-constrained\">\n<figure class=\"wp-block-image size-large\"><img data-recalc-dims=\"1\" loading=\"lazy\" decoding=\"async\" width=\"768\" height=\"1024\" src=\"https:\/\/i0.wp.com\/tailorsurfboards.com\/wp-content\/uploads\/2022\/10\/295686288_866131051048093_5811880305033849173_n.jpg?resize=768%2C1024&#038;ssl=1\" alt=\"\" class=\"wp-image-345\" srcset=\"https:\/\/i0.wp.com\/tailorsurfboards.com\/wp-content\/uploads\/2022\/10\/295686288_866131051048093_5811880305033849173_n.jpg?resize=768%2C1024&amp;ssl=1 768w, https:\/\/i0.wp.com\/tailorsurfboards.com\/wp-content\/uploads\/2022\/10\/295686288_866131051048093_5811880305033849173_n.jpg?resize=225%2C300&amp;ssl=1 225w, https:\/\/i0.wp.com\/tailorsurfboards.com\/wp-content\/uploads\/2022\/10\/295686288_866131051048093_5811880305033849173_n.jpg?resize=1152%2C1536&amp;ssl=1 1152w, https:\/\/i0.wp.com\/tailorsurfboards.com\/wp-content\/uploads\/2022\/10\/295686288_866131051048093_5811880305033849173_n.jpg?w=1536&amp;ssl=1 1536w\" sizes=\"auto, (max-width: 768px) 100vw, 768px\" \/><\/figure>\n\n\n\n<figure class=\"wp-block-gallery has-nested-images columns-default is-cropped wp-block-gallery-1 is-layout-flex wp-block-gallery-is-layout-flex\">\n<figure class=\"wp-block-image size-large\"><img data-recalc-dims=\"1\" loading=\"lazy\" decoding=\"async\" width=\"768\" height=\"1024\" data-id=\"362\" src=\"https:\/\/i0.wp.com\/tailorsurfboards.com\/wp-content\/uploads\/2022\/10\/312024354_5747037635411643_4316460283901122435_n.jpg?resize=768%2C1024&#038;ssl=1\" alt=\"\" class=\"wp-image-362\" srcset=\"https:\/\/i0.wp.com\/tailorsurfboards.com\/wp-content\/uploads\/2022\/10\/312024354_5747037635411643_4316460283901122435_n.jpg?resize=768%2C1024&amp;ssl=1 768w, https:\/\/i0.wp.com\/tailorsurfboards.com\/wp-content\/uploads\/2022\/10\/312024354_5747037635411643_4316460283901122435_n.jpg?resize=225%2C300&amp;ssl=1 225w, https:\/\/i0.wp.com\/tailorsurfboards.com\/wp-content\/uploads\/2022\/10\/312024354_5747037635411643_4316460283901122435_n.jpg?resize=1152%2C1536&amp;ssl=1 1152w, https:\/\/i0.wp.com\/tailorsurfboards.com\/wp-content\/uploads\/2022\/10\/312024354_5747037635411643_4316460283901122435_n.jpg?w=1536&amp;ssl=1 1536w\" sizes=\"auto, (max-width: 768px) 100vw, 768px\" \/><\/figure>\n\n\n\n<figure class=\"wp-block-image size-large\"><img data-recalc-dims=\"1\" loading=\"lazy\" decoding=\"async\" width=\"768\" height=\"1024\" data-id=\"367\" src=\"https:\/\/i0.wp.com\/tailorsurfboards.com\/wp-content\/uploads\/2022\/10\/312114477_1239914683221998_2302954060052992032_n.jpg?resize=768%2C1024&#038;ssl=1\" alt=\"\" class=\"wp-image-367\" srcset=\"https:\/\/i0.wp.com\/tailorsurfboards.com\/wp-content\/uploads\/2022\/10\/312114477_1239914683221998_2302954060052992032_n.jpg?resize=768%2C1024&amp;ssl=1 768w, https:\/\/i0.wp.com\/tailorsurfboards.com\/wp-content\/uploads\/2022\/10\/312114477_1239914683221998_2302954060052992032_n.jpg?resize=225%2C300&amp;ssl=1 225w, https:\/\/i0.wp.com\/tailorsurfboards.com\/wp-content\/uploads\/2022\/10\/312114477_1239914683221998_2302954060052992032_n.jpg?resize=1152%2C1536&amp;ssl=1 1152w, https:\/\/i0.wp.com\/tailorsurfboards.com\/wp-content\/uploads\/2022\/10\/312114477_1239914683221998_2302954060052992032_n.jpg?w=1536&amp;ssl=1 1536w\" sizes=\"auto, (max-width: 768px) 100vw, 768px\" \/><\/figure>\n<\/figure>\n<\/div><\/div>\n<\/div>\n\n\n\n<div class=\"wp-block-column is-layout-flow wp-block-column-is-layout-flow\">\n<p><img loading=\"lazy\" decoding=\"async\" src=\"https:\/\/lh6.googleusercontent.com\/Vtfwl57CEHtXmAGCdhiE6hBHT2AJRG9yrRI2RZPdH3VR-NYbxeDwe_gwoIAj2jfM1ODhpCJNkB516U3B_HadigxU7X7PyEjvIY-SVlFp51aZlzOF7A-1AND-Ygapo-0PxpdoyyXKYrwoG02gnKIWHFIZAuL2fZ0LhIjXEdkX9q6DrUvqP29gAIDKeNqhjA\" width=\"270\" height=\"61\"><\/p>\n\n\n\n<p class=\"has-small-font-size\">Son nom fait r\u00e9f\u00e9rence \u00e0 deux saisons, le printemps et l\u2019automne car ce mid length est con\u00e7u pour vous ravir dans les conditions propos\u00e9es pendant ses p\u00e9riodes.<\/p>\n\n\n\n<p class=\"has-small-font-size\">C\u2019est un twin avec 4 channels qui aimera les longues courbes et les vagues rapides.<\/p>\n\n\n\n<p class=\"has-small-font-size\">A partir de 780 \u20ac<\/p>\n\n\n\n<p class=\"has-medium-font-size\"><strong>Le mod\u00e8le pr\u00e9sent\u00e9 est le 6\u20198<\/strong><\/p>\n\n\n\n<p class=\"has-text-align-center\"><img loading=\"lazy\" decoding=\"async\" width=\"361\" height=\"305\" src=\"https:\/\/lh4.googleusercontent.com\/OI10Q7V4SRX8_sBrEfIWXd0CWLoK1qlKqT55pUYnIh15qeXiXZGb7oZo9e867vthGKcrK-u0SLlJi0kA0Ew_718HL_YT7ngnDHzdg5UTwcFUU_mL9tEe3UtOWvrA9MguXkWKc3VsIP9QG_MpmMyfPKjx_yAijGSa1wEJlHSdIe8coesZjopnuKsaFd1q5w\"><\/p>\n\n\n\n<p class=\"has-medium-font-size\"><strong>Pour d\u2019autre tailles il faut passer par du custom<\/strong><\/p>\n<\/div>\n<\/div>\n\n\n\n<div style=\"height:45px\" aria-hidden=\"true\" class=\"wp-block-spacer\"><\/div>\n\n\n\n<figure class=\"wp-block-table\"><table><tbody><tr><td>Shape<\/td><td><strong><em>Tail<\/em><\/strong><br>Round pin<br><br><strong><em>Car\u00e8ne<\/em><\/strong><br>Vee, concave to double concave + Channels<br><br><strong><em>Rails<\/em><\/strong><br>60\/40<\/td><\/tr><tr><td>Fins<\/td><td><strong><em>Fin system<\/em><\/strong><br>FCS 2<br>Futur<br>Glass on<br><br><strong><em>Fin setup<\/em><\/strong><br>Twin<\/td><\/tr><tr><td>Options<\/td><td>PU, Epoxy, <br>Carbon<\/td><\/tr><tr><td>Finition<\/td><td><strong><em>Pon\u00e7age<\/em><\/strong><br>Classique<br>A l\u2019eau<br>Gloss<br><br><strong><em>D\u00e9co<\/em><\/strong><br>Blanche<br>Spray<br>R\u00e9sine teint\u00e9<\/td><\/tr><tr><td>Wave Height<\/td><td><img loading=\"lazy\" decoding=\"async\" width=\"93\" height=\"67\" src=\"https:\/\/lh6.googleusercontent.com\/yKjN-5havCkJjzDRKg_Vvc0mfJH5jct3g6bRFpCbMKkG6X535Kr3kGD6wJIes6PrhcUwxrbK7mfki6DhjTB5Dcuw7G7RTzKmrNp8Xtu2c0LYicuNgnNnKCe02ioej_WZx0sDJZi-Q8AKXaNMlmCzkqzfxx5ANAXokk_AuajJELyYfNu0F0MMXoQQPjAPZQ\"><br>1m20  \/ 2m<\/td><\/tr><tr><td>Niveau<\/td><td>Interm\u00e9diaire<br>Interm\u00e9diaire +<br>Confirm\u00e9<\/td><\/tr><\/tbody><\/table><\/figure>\n\n\n\n<hr class=\"wp-block-separator alignwide has-alpha-channel-opacity\"\/>\n\n\n\n<div style=\"height:31px\" aria-hidden=\"true\" class=\"wp-block-spacer\"><\/div>\n\n\n\n<div class=\"wp-block-columns is-layout-flex wp-container-core-columns-is-layout-9d6595d7 wp-block-columns-is-layout-flex\">\n<div class=\"wp-block-column is-layout-flow wp-block-column-is-layout-flow\">\n<h1 class=\"wp-block-heading\" style=\"font-style:normal;font-weight:700\">Commandez ce mod\u00e8le sur mesure<\/h1>\n\n\n\n<p>Personnalisez votre planche avec la couleur, la finition, la configuration des ailerons et les mat\u00e9riaux.<\/p>\n<\/div>\n\n\n\n<div class=\"wp-block-column is-layout-flow wp-block-column-is-layout-flow\">\n<div class=\"wp-block-buttons alignwide is-content-justification-right is-layout-flex wp-container-core-buttons-is-layout-765c4724 wp-block-buttons-is-layout-flex\">\n<div class=\"wp-block-button is-style-outline is-style-outline--2\"><a class=\"wp-block-button__link has-white-color has-black-background-color has-text-color has-background wp-element-button\" href=\"https:\/\/tailorsurfboards.com\/index.php\/custom\/\" style=\"border-radius:5px\">CUSTOM BOARD<\/a><\/div>\n<\/div>\n<\/div>\n<\/div>\n\n\n\n<div style=\"height:50px\" aria-hidden=\"true\" class=\"wp-block-spacer\"><\/div>\n\n\n\n<hr class=\"wp-block-separator alignfull has-alpha-channel-opacity\"\/>\n\n\n<div class=\"wp-block-image\">\n<figure class=\"aligncenter size-thumbnail\"><img data-recalc-dims=\"1\" loading=\"lazy\" decoding=\"async\" width=\"150\" height=\"150\" src=\"https:\/\/i0.wp.com\/tailorsurfboards.com\/wp-content\/uploads\/2022\/10\/torse-1.png?resize=150%2C150&#038;ssl=1\" alt=\"\" class=\"wp-image-401\" srcset=\"https:\/\/i0.wp.com\/tailorsurfboards.com\/wp-content\/uploads\/2022\/10\/torse-1.png?resize=150%2C150&amp;ssl=1 150w, https:\/\/i0.wp.com\/tailorsurfboards.com\/wp-content\/uploads\/2022\/10\/torse-1.png?zoom=2&amp;resize=150%2C150&amp;ssl=1 300w, https:\/\/i0.wp.com\/tailorsurfboards.com\/wp-content\/uploads\/2022\/10\/torse-1.png?zoom=3&amp;resize=150%2C150&amp;ssl=1 450w\" sizes=\"auto, (max-width: 150px) 100vw, 150px\" \/><figcaption class=\"wp-element-caption\">TAILORSURFBOARDS<\/figcaption><\/figure>\n<\/div>\n\n\n<p class=\"has-text-align-center\">3 rue Gay 33400 Talence<\/p>\n\n\n\n<p class=\"has-text-align-center\">FRANCE<\/p>\n","protected":false},"excerpt":{"rendered":"<p>Son nom fait r\u00e9f\u00e9rence \u00e0 deux saisons, le printemps et l\u2019automne car ce mid length est con\u00e7u pour vous ravir dans les conditions propos\u00e9es pendant ses p\u00e9riodes. C\u2019est un twin avec 4 channels qui aimera les longues courbes et les vagues rapides. A partir de 780 \u20ac Le mod\u00e8le pr\u00e9sent\u00e9 est le 6\u20198 Pour d\u2019autre [&hellip;]<\/p>\n","protected":false},"author":2,"featured_media":0,"parent":0,"menu_order":0,"comment_status":"closed","ping_status":"closed","template":"","meta":{"ocean_post_layout":"","ocean_both_sidebars_style":"","ocean_both_sidebars_content_width":0,"ocean_both_sidebars_sidebars_width":0,"ocean_sidebar":"0","ocean_second_sidebar":"0","ocean_disable_margins":"enable","ocean_add_body_class":"","ocean_shortcode_before_top_bar":"","ocean_shortcode_after_top_bar":"","ocean_shortcode_before_header":"","ocean_shortcode_after_header":"","ocean_has_shortcode":"","ocean_shortcode_after_title":"","ocean_shortcode_before_footer_widgets":"","ocean_shortcode_after_footer_widgets":"","ocean_shortcode_before_footer_bottom":"","ocean_shortcode_after_footer_bottom":"","ocean_display_top_bar":"default","ocean_display_header":"default","ocean_header_style":"","ocean_center_header_left_menu":"0","ocean_custom_header_template":"0","ocean_custom_logo":0,"ocean_custom_retina_logo":0,"ocean_custom_logo_max_width":0,"ocean_custom_logo_tablet_max_width":0,"ocean_custom_logo_mobile_max_width":0,"ocean_custom_logo_max_height":0,"ocean_custom_logo_tablet_max_height":0,"ocean_custom_logo_mobile_max_height":0,"ocean_header_custom_menu":"0","ocean_menu_typo_font_family":"Trebuchet MS, Helvetica, sans-serif","ocean_menu_typo_font_subset":"","ocean_menu_typo_font_size":0,"ocean_menu_typo_font_size_tablet":0,"ocean_menu_typo_font_size_mobile":0,"ocean_menu_typo_font_size_unit":"px","ocean_menu_typo_font_weight":"","ocean_menu_typo_font_weight_tablet":"","ocean_menu_typo_font_weight_mobile":"","ocean_menu_typo_transform":"","ocean_menu_typo_transform_tablet":"","ocean_menu_typo_transform_mobile":"","ocean_menu_typo_line_height":0,"ocean_menu_typo_line_height_tablet":0,"ocean_menu_typo_line_height_mobile":0,"ocean_menu_typo_line_height_unit":"","ocean_menu_typo_spacing":0,"ocean_menu_typo_spacing_tablet":0,"ocean_menu_typo_spacing_mobile":0,"ocean_menu_typo_spacing_unit":"","ocean_menu_link_color":"","ocean_menu_link_color_hover":"","ocean_menu_link_color_active":"","ocean_menu_link_background":"","ocean_menu_link_hover_background":"","ocean_menu_link_active_background":"","ocean_menu_social_links_bg":"","ocean_menu_social_hover_links_bg":"","ocean_menu_social_links_color":"","ocean_menu_social_hover_links_color":"","ocean_disable_title":"on","ocean_disable_heading":"default","ocean_post_title":"","ocean_post_subheading":"","ocean_post_title_style":"","ocean_post_title_background_color":"","ocean_post_title_background":0,"ocean_post_title_bg_image_position":"","ocean_post_title_bg_image_attachment":"","ocean_post_title_bg_image_repeat":"","ocean_post_title_bg_image_size":"","ocean_post_title_height":0,"ocean_post_title_bg_overlay":0.5,"ocean_post_title_bg_overlay_color":"","ocean_disable_breadcrumbs":"default","ocean_breadcrumbs_color":"","ocean_breadcrumbs_separator_color":"","ocean_breadcrumbs_links_color":"","ocean_breadcrumbs_links_hover_color":"","ocean_display_footer_widgets":"default","ocean_display_footer_bottom":"default","ocean_custom_footer_template":"0","footnotes":""},"class_list":["post-534","page","type-page","status-publish","hentry","entry"],"yoast_head":"<!-- This site is optimized with the Yoast SEO plugin v27.4 - https:\/\/yoast.com\/product\/yoast-seo-wordpress\/ -->\n<title>Sprintomn - TAILORSURFBOARDS<\/title>\n<meta name=\"description\" content=\"Midlength twin channels qui tourne et qui prends une tonne de speed des son entr\u00e9 en vague, un board ultra fun et r\u00e9active pour tous surfeurs\" \/>\n<meta name=\"robots\" content=\"index, follow, max-snippet:-1, max-image-preview:large, max-video-preview:-1\" \/>\n<link rel=\"canonical\" href=\"https:\/\/tailorsurfboards.com\/index.php\/planche-de-surf-bordeaux-midlength-twin-channels-sprintomn\/\" \/>\n<meta property=\"og:locale\" content=\"fr_FR\" \/>\n<meta property=\"og:type\" content=\"article\" \/>\n<meta property=\"og:title\" content=\"Sprintomn - TAILORSURFBOARDS\" \/>\n<meta property=\"og:description\" content=\"Midlength twin channels qui tourne et qui prends une tonne de speed des son entr\u00e9 en vague, un board ultra fun et r\u00e9active pour tous surfeurs\" \/>\n<meta property=\"og:url\" content=\"https:\/\/tailorsurfboards.com\/index.php\/planche-de-surf-bordeaux-midlength-twin-channels-sprintomn\/\" \/>\n<meta property=\"og:site_name\" content=\"TAILORSURFBOARDS\" \/>\n<meta property=\"article:publisher\" content=\"https:\/\/www.facebook.com\/TailorSurf\" \/>\n<meta property=\"article:modified_time\" content=\"2023-03-07T16:36:14+00:00\" \/>\n<meta property=\"og:image\" content=\"https:\/\/tailorsurfboards.com\/wp-content\/uploads\/2022\/10\/295686288_866131051048093_5811880305033849173_n.jpg\" \/>\n<meta name=\"twitter:card\" content=\"summary_large_image\" \/>\n<meta name=\"twitter:label1\" content=\"Dur\u00e9e de lecture estim\u00e9e\" \/>\n\t<meta name=\"twitter:data1\" content=\"3 minutes\" \/>\n<script type=\"application\/ld+json\" class=\"yoast-schema-graph\">{\"@context\":\"https:\\\/\\\/schema.org\",\"@graph\":[{\"@type\":\"WebPage\",\"@id\":\"https:\\\/\\\/tailorsurfboards.com\\\/index.php\\\/planche-de-surf-bordeaux-midlength-twin-channels-sprintomn\\\/\",\"url\":\"https:\\\/\\\/tailorsurfboards.com\\\/index.php\\\/planche-de-surf-bordeaux-midlength-twin-channels-sprintomn\\\/\",\"name\":\"Sprintomn - TAILORSURFBOARDS\",\"isPartOf\":{\"@id\":\"https:\\\/\\\/tailorsurfboards.com\\\/#website\"},\"primaryImageOfPage\":{\"@id\":\"https:\\\/\\\/tailorsurfboards.com\\\/index.php\\\/planche-de-surf-bordeaux-midlength-twin-channels-sprintomn\\\/#primaryimage\"},\"image\":{\"@id\":\"https:\\\/\\\/tailorsurfboards.com\\\/index.php\\\/planche-de-surf-bordeaux-midlength-twin-channels-sprintomn\\\/#primaryimage\"},\"thumbnailUrl\":\"https:\\\/\\\/tailorsurfboards.com\\\/wp-content\\\/uploads\\\/2022\\\/10\\\/295686288_866131051048093_5811880305033849173_n.jpg\",\"datePublished\":\"2022-11-10T20:16:49+00:00\",\"dateModified\":\"2023-03-07T16:36:14+00:00\",\"description\":\"Midlength twin channels qui tourne et qui prends une tonne de speed des son entr\u00e9 en vague, un board ultra fun et r\u00e9active pour tous surfeurs\",\"breadcrumb\":{\"@id\":\"https:\\\/\\\/tailorsurfboards.com\\\/index.php\\\/planche-de-surf-bordeaux-midlength-twin-channels-sprintomn\\\/#breadcrumb\"},\"inLanguage\":\"fr-FR\",\"potentialAction\":[{\"@type\":\"ReadAction\",\"target\":[\"https:\\\/\\\/tailorsurfboards.com\\\/index.php\\\/planche-de-surf-bordeaux-midlength-twin-channels-sprintomn\\\/\"]}]},{\"@type\":\"ImageObject\",\"inLanguage\":\"fr-FR\",\"@id\":\"https:\\\/\\\/tailorsurfboards.com\\\/index.php\\\/planche-de-surf-bordeaux-midlength-twin-channels-sprintomn\\\/#primaryimage\",\"url\":\"https:\\\/\\\/i0.wp.com\\\/tailorsurfboards.com\\\/wp-content\\\/uploads\\\/2022\\\/10\\\/295686288_866131051048093_5811880305033849173_n.jpg?fit=1536%2C2048&ssl=1\",\"contentUrl\":\"https:\\\/\\\/i0.wp.com\\\/tailorsurfboards.com\\\/wp-content\\\/uploads\\\/2022\\\/10\\\/295686288_866131051048093_5811880305033849173_n.jpg?fit=1536%2C2048&ssl=1\",\"width\":1536,\"height\":2048},{\"@type\":\"BreadcrumbList\",\"@id\":\"https:\\\/\\\/tailorsurfboards.com\\\/index.php\\\/planche-de-surf-bordeaux-midlength-twin-channels-sprintomn\\\/#breadcrumb\",\"itemListElement\":[{\"@type\":\"ListItem\",\"position\":1,\"name\":\"Accueil\",\"item\":\"https:\\\/\\\/tailorsurfboards.com\\\/\"},{\"@type\":\"ListItem\",\"position\":2,\"name\":\"Sprintomn\"}]},{\"@type\":\"WebSite\",\"@id\":\"https:\\\/\\\/tailorsurfboards.com\\\/#website\",\"url\":\"https:\\\/\\\/tailorsurfboards.com\\\/\",\"name\":\"TAILORSURFBOARDS\",\"description\":\"More Wave, More Fun\",\"publisher\":{\"@id\":\"https:\\\/\\\/tailorsurfboards.com\\\/#organization\"},\"potentialAction\":[{\"@type\":\"SearchAction\",\"target\":{\"@type\":\"EntryPoint\",\"urlTemplate\":\"https:\\\/\\\/tailorsurfboards.com\\\/?s={search_term_string}\"},\"query-input\":{\"@type\":\"PropertyValueSpecification\",\"valueRequired\":true,\"valueName\":\"search_term_string\"}}],\"inLanguage\":\"fr-FR\"},{\"@type\":\"Organization\",\"@id\":\"https:\\\/\\\/tailorsurfboards.com\\\/#organization\",\"name\":\"tailorsurfboards\",\"url\":\"https:\\\/\\\/tailorsurfboards.com\\\/\",\"logo\":{\"@type\":\"ImageObject\",\"inLanguage\":\"fr-FR\",\"@id\":\"https:\\\/\\\/tailorsurfboards.com\\\/#\\\/schema\\\/logo\\\/image\\\/\",\"url\":\"https:\\\/\\\/i0.wp.com\\\/tailorsurfboards.com\\\/wp-content\\\/uploads\\\/2023\\\/01\\\/entete.jpg?fit=1814%2C489&ssl=1\",\"contentUrl\":\"https:\\\/\\\/i0.wp.com\\\/tailorsurfboards.com\\\/wp-content\\\/uploads\\\/2023\\\/01\\\/entete.jpg?fit=1814%2C489&ssl=1\",\"width\":1814,\"height\":489,\"caption\":\"tailorsurfboards\"},\"image\":{\"@id\":\"https:\\\/\\\/tailorsurfboards.com\\\/#\\\/schema\\\/logo\\\/image\\\/\"},\"sameAs\":[\"https:\\\/\\\/www.facebook.com\\\/TailorSurf\",\"https:\\\/\\\/www.instagram.com\\\/tailorsurfboards\\\/?hl=fr\"]}]}<\/script>\n<!-- \/ Yoast SEO plugin. -->","yoast_head_json":{"title":"Sprintomn - TAILORSURFBOARDS","description":"Midlength twin channels qui tourne et qui prends une tonne de speed des son entr\u00e9 en vague, un board ultra fun et r\u00e9active pour tous surfeurs","robots":{"index":"index","follow":"follow","max-snippet":"max-snippet:-1","max-image-preview":"max-image-preview:large","max-video-preview":"max-video-preview:-1"},"canonical":"https:\/\/tailorsurfboards.com\/index.php\/planche-de-surf-bordeaux-midlength-twin-channels-sprintomn\/","og_locale":"fr_FR","og_type":"article","og_title":"Sprintomn - TAILORSURFBOARDS","og_description":"Midlength twin channels qui tourne et qui prends une tonne de speed des son entr\u00e9 en vague, un board ultra fun et r\u00e9active pour tous surfeurs","og_url":"https:\/\/tailorsurfboards.com\/index.php\/planche-de-surf-bordeaux-midlength-twin-channels-sprintomn\/","og_site_name":"TAILORSURFBOARDS","article_publisher":"https:\/\/www.facebook.com\/TailorSurf","article_modified_time":"2023-03-07T16:36:14+00:00","og_image":[{"url":"https:\/\/tailorsurfboards.com\/wp-content\/uploads\/2022\/10\/295686288_866131051048093_5811880305033849173_n.jpg","type":"","width":"","height":""}],"twitter_card":"summary_large_image","twitter_misc":{"Dur\u00e9e de lecture estim\u00e9e":"3 minutes"},"schema":{"@context":"https:\/\/schema.org","@graph":[{"@type":"WebPage","@id":"https:\/\/tailorsurfboards.com\/index.php\/planche-de-surf-bordeaux-midlength-twin-channels-sprintomn\/","url":"https:\/\/tailorsurfboards.com\/index.php\/planche-de-surf-bordeaux-midlength-twin-channels-sprintomn\/","name":"Sprintomn - TAILORSURFBOARDS","isPartOf":{"@id":"https:\/\/tailorsurfboards.com\/#website"},"primaryImageOfPage":{"@id":"https:\/\/tailorsurfboards.com\/index.php\/planche-de-surf-bordeaux-midlength-twin-channels-sprintomn\/#primaryimage"},"image":{"@id":"https:\/\/tailorsurfboards.com\/index.php\/planche-de-surf-bordeaux-midlength-twin-channels-sprintomn\/#primaryimage"},"thumbnailUrl":"https:\/\/tailorsurfboards.com\/wp-content\/uploads\/2022\/10\/295686288_866131051048093_5811880305033849173_n.jpg","datePublished":"2022-11-10T20:16:49+00:00","dateModified":"2023-03-07T16:36:14+00:00","description":"Midlength twin channels qui tourne et qui prends une tonne de speed des son entr\u00e9 en vague, un board ultra fun et r\u00e9active pour tous surfeurs","breadcrumb":{"@id":"https:\/\/tailorsurfboards.com\/index.php\/planche-de-surf-bordeaux-midlength-twin-channels-sprintomn\/#breadcrumb"},"inLanguage":"fr-FR","potentialAction":[{"@type":"ReadAction","target":["https:\/\/tailorsurfboards.com\/index.php\/planche-de-surf-bordeaux-midlength-twin-channels-sprintomn\/"]}]},{"@type":"ImageObject","inLanguage":"fr-FR","@id":"https:\/\/tailorsurfboards.com\/index.php\/planche-de-surf-bordeaux-midlength-twin-channels-sprintomn\/#primaryimage","url":"https:\/\/i0.wp.com\/tailorsurfboards.com\/wp-content\/uploads\/2022\/10\/295686288_866131051048093_5811880305033849173_n.jpg?fit=1536%2C2048&ssl=1","contentUrl":"https:\/\/i0.wp.com\/tailorsurfboards.com\/wp-content\/uploads\/2022\/10\/295686288_866131051048093_5811880305033849173_n.jpg?fit=1536%2C2048&ssl=1","width":1536,"height":2048},{"@type":"BreadcrumbList","@id":"https:\/\/tailorsurfboards.com\/index.php\/planche-de-surf-bordeaux-midlength-twin-channels-sprintomn\/#breadcrumb","itemListElement":[{"@type":"ListItem","position":1,"name":"Accueil","item":"https:\/\/tailorsurfboards.com\/"},{"@type":"ListItem","position":2,"name":"Sprintomn"}]},{"@type":"WebSite","@id":"https:\/\/tailorsurfboards.com\/#website","url":"https:\/\/tailorsurfboards.com\/","name":"TAILORSURFBOARDS","description":"More Wave, More Fun","publisher":{"@id":"https:\/\/tailorsurfboards.com\/#organization"},"potentialAction":[{"@type":"SearchAction","target":{"@type":"EntryPoint","urlTemplate":"https:\/\/tailorsurfboards.com\/?s={search_term_string}"},"query-input":{"@type":"PropertyValueSpecification","valueRequired":true,"valueName":"search_term_string"}}],"inLanguage":"fr-FR"},{"@type":"Organization","@id":"https:\/\/tailorsurfboards.com\/#organization","name":"tailorsurfboards","url":"https:\/\/tailorsurfboards.com\/","logo":{"@type":"ImageObject","inLanguage":"fr-FR","@id":"https:\/\/tailorsurfboards.com\/#\/schema\/logo\/image\/","url":"https:\/\/i0.wp.com\/tailorsurfboards.com\/wp-content\/uploads\/2023\/01\/entete.jpg?fit=1814%2C489&ssl=1","contentUrl":"https:\/\/i0.wp.com\/tailorsurfboards.com\/wp-content\/uploads\/2023\/01\/entete.jpg?fit=1814%2C489&ssl=1","width":1814,"height":489,"caption":"tailorsurfboards"},"image":{"@id":"https:\/\/tailorsurfboards.com\/#\/schema\/logo\/image\/"},"sameAs":["https:\/\/www.facebook.com\/TailorSurf","https:\/\/www.instagram.com\/tailorsurfboards\/?hl=fr"]}]}},"jetpack_sharing_enabled":true,"_links":{"self":[{"href":"https:\/\/tailorsurfboards.com\/index.php\/wp-json\/wp\/v2\/pages\/534","targetHints":{"allow":["GET"]}}],"collection":[{"href":"https:\/\/tailorsurfboards.com\/index.php\/wp-json\/wp\/v2\/pages"}],"about":[{"href":"https:\/\/tailorsurfboards.com\/index.php\/wp-json\/wp\/v2\/types\/page"}],"author":[{"embeddable":true,"href":"https:\/\/tailorsurfboards.com\/index.php\/wp-json\/wp\/v2\/users\/2"}],"replies":[{"embeddable":true,"href":"https:\/\/tailorsurfboards.com\/index.php\/wp-json\/wp\/v2\/comments?post=534"}],"version-history":[{"count":8,"href":"https:\/\/tailorsurfboards.com\/index.php\/wp-json\/wp\/v2\/pages\/534\/revisions"}],"predecessor-version":[{"id":848,"href":"https:\/\/tailorsurfboards.com\/index.php\/wp-json\/wp\/v2\/pages\/534\/revisions\/848"}],"wp:attachment":[{"href":"https:\/\/tailorsurfboards.com\/index.php\/wp-json\/wp\/v2\/media?parent=534"}],"curies":[{"name":"wp","href":"https:\/\/api.w.org\/{rel}","templated":true}]}}