{"id":734,"date":"2023-01-21T09:47:57","date_gmt":"2023-01-21T08:47:57","guid":{"rendered":"https:\/\/tailorsurfboards.com\/?page_id=734"},"modified":"2023-03-07T15:50:01","modified_gmt":"2023-03-07T14:50:01","slug":"eggito-v2","status":"publish","type":"page","link":"https:\/\/tailorsurfboards.com\/index.php\/eggito-v2\/","title":{"rendered":"Eggito V2"},"content":{"rendered":"\n<div class=\"wp-block-cover alignfull is-light has-large-font-size\" style=\"min-height:600px;aspect-ratio:unset;\"><span aria-hidden=\"true\" class=\"wp-block-cover__background has-background-dim-30 has-background-dim\"><\/span><img data-recalc-dims=\"1\" loading=\"lazy\" decoding=\"async\" width=\"1200\" height=\"1600\" class=\"wp-block-cover__image-background wp-image-768\" alt=\"\" src=\"https:\/\/i0.wp.com\/tailorsurfboards.com\/wp-content\/uploads\/2023\/01\/IMG_44041-scaled.jpg?resize=1200%2C1600&#038;ssl=1\" data-object-fit=\"cover\" srcset=\"https:\/\/i0.wp.com\/tailorsurfboards.com\/wp-content\/uploads\/2023\/01\/IMG_44041-scaled.jpg?w=1920&amp;ssl=1 1920w, https:\/\/i0.wp.com\/tailorsurfboards.com\/wp-content\/uploads\/2023\/01\/IMG_44041-scaled.jpg?resize=225%2C300&amp;ssl=1 225w, https:\/\/i0.wp.com\/tailorsurfboards.com\/wp-content\/uploads\/2023\/01\/IMG_44041-scaled.jpg?resize=768%2C1024&amp;ssl=1 768w, https:\/\/i0.wp.com\/tailorsurfboards.com\/wp-content\/uploads\/2023\/01\/IMG_44041-scaled.jpg?resize=1152%2C1536&amp;ssl=1 1152w, https:\/\/i0.wp.com\/tailorsurfboards.com\/wp-content\/uploads\/2023\/01\/IMG_44041-scaled.jpg?resize=1536%2C2048&amp;ssl=1 1536w\" sizes=\"auto, (max-width: 1200px) 100vw, 1200px\" \/><div class=\"wp-block-cover__inner-container is-layout-flow wp-block-cover-is-layout-flow\">\n<p class=\"has-text-align-center has-white-color has-text-color has-large-font-size\">EGGITO V2<\/p>\n<\/div><\/div>\n\n\n\n<div style=\"height:50px\" aria-hidden=\"true\" class=\"wp-block-spacer\"><\/div>\n\n\n\n<div class=\"wp-block-columns alignwide has-text-color has-background is-layout-flex wp-container-core-columns-is-layout-9d6595d7 wp-block-columns-is-layout-flex\" style=\"color:#000000;background-color:#ffffff\">\n<div class=\"wp-block-column is-vertically-aligned-top is-layout-flow wp-block-column-is-layout-flow\">\n<h3 class=\"wp-block-heading\" style=\"font-size:24px;line-height:1.3\">EGGITO V2<\/h3>\n\n\n\n<div class=\"wp-block-group\"><div class=\"wp-block-group__inner-container is-layout-constrained wp-block-group-is-layout-constrained\">\n<figure class=\"wp-block-image size-large\"><img data-recalc-dims=\"1\" loading=\"lazy\" decoding=\"async\" width=\"768\" height=\"1024\" src=\"https:\/\/i0.wp.com\/tailorsurfboards.com\/wp-content\/uploads\/2023\/01\/IMG_44041.jpg?resize=768%2C1024&#038;ssl=1\" alt=\"\" class=\"wp-image-768\" srcset=\"https:\/\/i0.wp.com\/tailorsurfboards.com\/wp-content\/uploads\/2023\/01\/IMG_44041-scaled.jpg?resize=768%2C1024&amp;ssl=1 768w, https:\/\/i0.wp.com\/tailorsurfboards.com\/wp-content\/uploads\/2023\/01\/IMG_44041-scaled.jpg?resize=225%2C300&amp;ssl=1 225w, https:\/\/i0.wp.com\/tailorsurfboards.com\/wp-content\/uploads\/2023\/01\/IMG_44041-scaled.jpg?resize=1152%2C1536&amp;ssl=1 1152w, https:\/\/i0.wp.com\/tailorsurfboards.com\/wp-content\/uploads\/2023\/01\/IMG_44041-scaled.jpg?resize=1536%2C2048&amp;ssl=1 1536w, https:\/\/i0.wp.com\/tailorsurfboards.com\/wp-content\/uploads\/2023\/01\/IMG_44041-scaled.jpg?w=1920&amp;ssl=1 1920w\" sizes=\"auto, (max-width: 768px) 100vw, 768px\" \/><\/figure>\n\n\n\n<figure class=\"wp-block-gallery has-nested-images columns-default is-cropped wp-block-gallery-1 is-layout-flex wp-block-gallery-is-layout-flex\">\n<figure class=\"wp-block-image size-large\"><img data-recalc-dims=\"1\" loading=\"lazy\" decoding=\"async\" width=\"819\" height=\"1024\" data-id=\"737\" src=\"https:\/\/i0.wp.com\/tailorsurfboards.com\/wp-content\/uploads\/2023\/01\/eggito_v2-2.jpg?resize=819%2C1024&#038;ssl=1\" alt=\"\" class=\"wp-image-737\" srcset=\"https:\/\/i0.wp.com\/tailorsurfboards.com\/wp-content\/uploads\/2023\/01\/eggito_v2-2.jpg?resize=819%2C1024&amp;ssl=1 819w, https:\/\/i0.wp.com\/tailorsurfboards.com\/wp-content\/uploads\/2023\/01\/eggito_v2-2.jpg?resize=240%2C300&amp;ssl=1 240w, https:\/\/i0.wp.com\/tailorsurfboards.com\/wp-content\/uploads\/2023\/01\/eggito_v2-2.jpg?resize=768%2C960&amp;ssl=1 768w, https:\/\/i0.wp.com\/tailorsurfboards.com\/wp-content\/uploads\/2023\/01\/eggito_v2-2.jpg?resize=1229%2C1536&amp;ssl=1 1229w, https:\/\/i0.wp.com\/tailorsurfboards.com\/wp-content\/uploads\/2023\/01\/eggito_v2-2.jpg?w=1638&amp;ssl=1 1638w\" sizes=\"auto, (max-width: 819px) 100vw, 819px\" \/><\/figure>\n\n\n\n<figure class=\"wp-block-image size-large\"><img data-recalc-dims=\"1\" loading=\"lazy\" decoding=\"async\" width=\"819\" height=\"1024\" data-id=\"738\" src=\"https:\/\/i0.wp.com\/tailorsurfboards.com\/wp-content\/uploads\/2023\/01\/eggito_v2-3.jpg?resize=819%2C1024&#038;ssl=1\" alt=\"\" class=\"wp-image-738\" srcset=\"https:\/\/i0.wp.com\/tailorsurfboards.com\/wp-content\/uploads\/2023\/01\/eggito_v2-3.jpg?resize=819%2C1024&amp;ssl=1 819w, https:\/\/i0.wp.com\/tailorsurfboards.com\/wp-content\/uploads\/2023\/01\/eggito_v2-3.jpg?resize=240%2C300&amp;ssl=1 240w, https:\/\/i0.wp.com\/tailorsurfboards.com\/wp-content\/uploads\/2023\/01\/eggito_v2-3.jpg?resize=768%2C960&amp;ssl=1 768w, https:\/\/i0.wp.com\/tailorsurfboards.com\/wp-content\/uploads\/2023\/01\/eggito_v2-3.jpg?resize=1229%2C1536&amp;ssl=1 1229w, https:\/\/i0.wp.com\/tailorsurfboards.com\/wp-content\/uploads\/2023\/01\/eggito_v2-3.jpg?w=1638&amp;ssl=1 1638w\" sizes=\"auto, (max-width: 819px) 100vw, 819px\" \/><\/figure>\n<\/figure>\n<\/div><\/div>\n\n\n\n<div style=\"height:44px\" aria-hidden=\"true\" class=\"wp-block-spacer\"><\/div>\n\n\n\n<figure class=\"wp-block-video\"><video height=\"1280\" style=\"aspect-ratio: 720 \/ 1280;\" width=\"720\" controls muted src=\"https:\/\/tailorsurfboards.com\/wp-content\/uploads\/2023\/01\/Eggito.mov\"><\/video><\/figure>\n<\/div>\n\n\n\n<div class=\"wp-block-column is-layout-flow wp-block-column-is-layout-flow\">\n<p><\/p>\n\n\n\n<p>Evolutif, versatile, facile \u00e0 la rame et maniable ce egg orient\u00e9 man\u0153uvre donne satisfaction aux surfeurs qui me l\u2019ont command\u00e9. Ce egg peut aussi faire des canards. Dans la lign\u00e9 des mid length dit performant comme le one bad egg et le CI mid il sera utilisable dans des petites, moyens et belles conditions. Gr\u00e2ce \u00e0 sa large plage d\u2019utilisation et \u00e0 une grande vari\u00e9t\u00e9 de c\u00f4tes, il y en a forc\u00e9ment un qui sera pour vous.<\/p>\n\n\n\n<p class=\"has-small-font-size\">A partir de 780 \u20ac<\/p>\n\n\n\n<p class=\"has-medium-font-size\"><strong>Le mod\u00e8le pr\u00e9sent\u00e9 6\u20198 <\/strong><\/p>\n\n\n\n<p><strong><span style=\"text-decoration: underline;\">Dimensions standards<\/span><\/strong><\/p>\n\n\n\n<p><img loading=\"lazy\" decoding=\"async\" src=\"https:\/\/lh3.googleusercontent.com\/fOTDC4Ud6luZgbD0rvryNC2Zfo6Wbg16keEJmjKisndMyl9C8KJ88M-_v__N4d3ziFpUYhGkkUi86L89iTC0CXhJgPzb6ReJUH3KOHriCft_VOMx9QXXdB2B0wUHbmNUFEeEZ2kkNjLbE7fVGgLWzeu_P2taVZcAd-qB7C8JEDfwPfFrdyYE_2mO3AAVcA\" width=\"643\" height=\"744\"><\/p>\n\n\n\n<p><\/p>\n<\/div>\n<\/div>\n\n\n\n<div style=\"height:45px\" aria-hidden=\"true\" class=\"wp-block-spacer\"><\/div>\n\n\n\n<figure class=\"wp-block-table alignwide\"><table><tbody><tr><td>Shape<\/td><td><strong><em>Tail<\/em><\/strong> <br>Round Pin&nbsp;<br><br><strong><em>Car\u00e8ne<\/em><\/strong> <br>Flat<br>concave to double concave<br><br><strong><em>Rails<\/em><\/strong> <br>60\/40<\/td><\/tr><tr><td>Fins<\/td><td><strong><em>Fin system<\/em><\/strong> <br>FCS 2 <br>Futur <br>Glass on<br><br><strong><em>Fin setup<\/em><\/strong> <br>Single<br>Thruster<br>Quad<br>Five fins<\/td><\/tr><tr><td>Options<\/td><td>PU<br>Epoxy<br>Carbon \/ E Carbon<\/td><\/tr><tr><td>Finition<\/td><td><strong><em>Pon\u00e7age<\/em><\/strong> <br>Classique <br>A l\u2019eau <br>Gloss<br><br><strong><em>D\u00e9co<\/em><\/strong> <br>Blanche<br>Spray<br>R\u00e9sine teint\u00e9<\/td><\/tr><tr><td>Wave <\/td><td><img loading=\"lazy\" decoding=\"async\" width=\"93\" height=\"67\" src=\"https:\/\/lh6.googleusercontent.com\/yKjN-5havCkJjzDRKg_Vvc0mfJH5jct3g6bRFpCbMKkG6X535Kr3kGD6wJIes6PrhcUwxrbK7mfki6DhjTB5Dcuw7G7RTzKmrNp8Xtu2c0LYicuNgnNnKCe02ioej_WZx0sDJZi-Q8AKXaNMlmCzkqzfxx5ANAXokk_AuajJELyYfNu0F0MMXoQQPjAPZQ\"><br>80 cm \/ 1m50<\/td><\/tr><tr><td>Niveau<\/td><td>D\u00e9butant<br>D\u00e9butant +<br>Interm\u00e9diaire<br>Interm\u00e9diaire +<br>Confirm\u00e9<\/td><\/tr><\/tbody><\/table><\/figure>\n\n\n\n<hr class=\"wp-block-separator alignfull has-alpha-channel-opacity\"\/>\n\n\n\n<div style=\"height:31px\" aria-hidden=\"true\" class=\"wp-block-spacer\"><\/div>\n\n\n\n<div class=\"wp-block-columns is-layout-flex wp-container-core-columns-is-layout-9d6595d7 wp-block-columns-is-layout-flex\">\n<div class=\"wp-block-column is-layout-flow wp-block-column-is-layout-flow\">\n<h1 class=\"wp-block-heading\" style=\"font-style:normal;font-weight:700\">Commandez ce mod\u00e8le sur mesure<\/h1>\n\n\n\n<p>Personnalisez votre planche avec la couleur, la finition, la configuration des ailerons et les mat\u00e9riaux.<\/p>\n<\/div>\n\n\n\n<div class=\"wp-block-column is-layout-flow wp-block-column-is-layout-flow\">\n<div class=\"wp-block-buttons alignwide is-content-justification-right is-layout-flex wp-container-core-buttons-is-layout-765c4724 wp-block-buttons-is-layout-flex\">\n<div class=\"wp-block-button is-style-outline is-style-outline--2\"><a class=\"wp-block-button__link has-white-color has-black-background-color has-text-color has-background wp-element-button\" href=\"https:\/\/tailorsurfboards.com\/index.php\/custom\/\" style=\"border-radius:5px\">CUSTOM BOARD<\/a><\/div>\n<\/div>\n<\/div>\n<\/div>\n\n\n\n<div style=\"height:50px\" aria-hidden=\"true\" class=\"wp-block-spacer\"><\/div>\n\n\n\n<hr class=\"wp-block-separator alignfull has-alpha-channel-opacity\"\/>\n\n\n<div class=\"wp-block-image\">\n<figure class=\"aligncenter size-thumbnail\"><img data-recalc-dims=\"1\" loading=\"lazy\" decoding=\"async\" width=\"150\" height=\"150\" src=\"https:\/\/i0.wp.com\/tailorsurfboards.com\/wp-content\/uploads\/2022\/10\/torse-1.png?resize=150%2C150&#038;ssl=1\" alt=\"\" class=\"wp-image-401\" srcset=\"https:\/\/i0.wp.com\/tailorsurfboards.com\/wp-content\/uploads\/2022\/10\/torse-1.png?resize=150%2C150&amp;ssl=1 150w, https:\/\/i0.wp.com\/tailorsurfboards.com\/wp-content\/uploads\/2022\/10\/torse-1.png?zoom=2&amp;resize=150%2C150&amp;ssl=1 300w, https:\/\/i0.wp.com\/tailorsurfboards.com\/wp-content\/uploads\/2022\/10\/torse-1.png?zoom=3&amp;resize=150%2C150&amp;ssl=1 450w\" sizes=\"auto, (max-width: 150px) 100vw, 150px\" \/><figcaption class=\"wp-element-caption\">TAILORSURFBOARDS<\/figcaption><\/figure>\n<\/div>\n\n\n<p class=\"has-text-align-center\">3 rue Gay 33400 Talence<\/p>\n\n\n\n<p class=\"has-text-align-center\">FRANCE<\/p>\n","protected":false},"excerpt":{"rendered":"<p>EGGITO V2 Evolutif, versatile, facile \u00e0 la rame et maniable ce egg orient\u00e9 man\u0153uvre donne satisfaction aux surfeurs qui me l\u2019ont command\u00e9. Ce egg peut aussi faire des canards. Dans la lign\u00e9 des mid length dit performant comme le one bad egg et le CI mid il sera utilisable dans des petites, moyens et belles [&hellip;]<\/p>\n","protected":false},"author":1,"featured_media":0,"parent":0,"menu_order":0,"comment_status":"closed","ping_status":"closed","template":"","meta":{"ocean_post_layout":"","ocean_both_sidebars_style":"","ocean_both_sidebars_content_width":0,"ocean_both_sidebars_sidebars_width":0,"ocean_sidebar":"0","ocean_second_sidebar":"0","ocean_disable_margins":"enable","ocean_add_body_class":"","ocean_shortcode_before_top_bar":"","ocean_shortcode_after_top_bar":"","ocean_shortcode_before_header":"","ocean_shortcode_after_header":"","ocean_has_shortcode":"","ocean_shortcode_after_title":"","ocean_shortcode_before_footer_widgets":"","ocean_shortcode_after_footer_widgets":"","ocean_shortcode_before_footer_bottom":"","ocean_shortcode_after_footer_bottom":"","ocean_display_top_bar":"default","ocean_display_header":"default","ocean_header_style":"","ocean_center_header_left_menu":"0","ocean_custom_header_template":"0","ocean_custom_logo":0,"ocean_custom_retina_logo":0,"ocean_custom_logo_max_width":0,"ocean_custom_logo_tablet_max_width":0,"ocean_custom_logo_mobile_max_width":0,"ocean_custom_logo_max_height":0,"ocean_custom_logo_tablet_max_height":0,"ocean_custom_logo_mobile_max_height":0,"ocean_header_custom_menu":"0","ocean_menu_typo_font_family":"Trebuchet MS, Helvetica, sans-serif","ocean_menu_typo_font_subset":"","ocean_menu_typo_font_size":0,"ocean_menu_typo_font_size_tablet":0,"ocean_menu_typo_font_size_mobile":0,"ocean_menu_typo_font_size_unit":"px","ocean_menu_typo_font_weight":"","ocean_menu_typo_font_weight_tablet":"","ocean_menu_typo_font_weight_mobile":"","ocean_menu_typo_transform":"","ocean_menu_typo_transform_tablet":"","ocean_menu_typo_transform_mobile":"","ocean_menu_typo_line_height":0,"ocean_menu_typo_line_height_tablet":0,"ocean_menu_typo_line_height_mobile":0,"ocean_menu_typo_line_height_unit":"","ocean_menu_typo_spacing":0,"ocean_menu_typo_spacing_tablet":0,"ocean_menu_typo_spacing_mobile":0,"ocean_menu_typo_spacing_unit":"","ocean_menu_link_color":"","ocean_menu_link_color_hover":"","ocean_menu_link_color_active":"","ocean_menu_link_background":"","ocean_menu_link_hover_background":"","ocean_menu_link_active_background":"","ocean_menu_social_links_bg":"","ocean_menu_social_hover_links_bg":"","ocean_menu_social_links_color":"","ocean_menu_social_hover_links_color":"","ocean_disable_title":"on","ocean_disable_heading":"default","ocean_post_title":"","ocean_post_subheading":"","ocean_post_title_style":"","ocean_post_title_background_color":"","ocean_post_title_background":0,"ocean_post_title_bg_image_position":"","ocean_post_title_bg_image_attachment":"","ocean_post_title_bg_image_repeat":"","ocean_post_title_bg_image_size":"","ocean_post_title_height":0,"ocean_post_title_bg_overlay":0.5,"ocean_post_title_bg_overlay_color":"","ocean_disable_breadcrumbs":"default","ocean_breadcrumbs_color":"","ocean_breadcrumbs_separator_color":"","ocean_breadcrumbs_links_color":"","ocean_breadcrumbs_links_hover_color":"","ocean_display_footer_widgets":"default","ocean_display_footer_bottom":"default","ocean_custom_footer_template":"0","footnotes":""},"class_list":["post-734","page","type-page","status-publish","hentry","entry"],"yoast_head":"<!-- This site is optimized with the Yoast SEO plugin v27.4 - https:\/\/yoast.com\/product\/yoast-seo-wordpress\/ -->\n<title>Eggito V2 - TAILORSURFBOARDS<\/title>\n<meta name=\"description\" content=\"Cette V2 du EGG est parfaite pour les surfeurs cherchant \u00e0 \u00e9voluer dans leur surf. Que ce soit 2+1 ou tri fin c&#039;est la board tout faire.\" \/>\n<meta name=\"robots\" content=\"index, follow, max-snippet:-1, max-image-preview:large, max-video-preview:-1\" \/>\n<link rel=\"canonical\" href=\"https:\/\/tailorsurfboards.com\/index.php\/eggito-v2\/\" \/>\n<meta property=\"og:locale\" content=\"fr_FR\" \/>\n<meta property=\"og:type\" content=\"article\" \/>\n<meta property=\"og:title\" content=\"Eggito V2 - TAILORSURFBOARDS\" \/>\n<meta property=\"og:description\" content=\"Cette V2 du EGG est parfaite pour les surfeurs cherchant \u00e0 \u00e9voluer dans leur surf. Que ce soit 2+1 ou tri fin c&#039;est la board tout faire.\" \/>\n<meta property=\"og:url\" content=\"https:\/\/tailorsurfboards.com\/index.php\/eggito-v2\/\" \/>\n<meta property=\"og:site_name\" content=\"TAILORSURFBOARDS\" \/>\n<meta property=\"article:publisher\" content=\"https:\/\/www.facebook.com\/TailorSurf\" \/>\n<meta property=\"article:modified_time\" content=\"2023-03-07T14:50:01+00:00\" \/>\n<meta property=\"og:image\" content=\"https:\/\/tailorsurfboards.com\/wp-content\/uploads\/2023\/01\/IMG_44041-scaled.jpg\" \/>\n<meta name=\"twitter:card\" content=\"summary_large_image\" \/>\n<meta name=\"twitter:label1\" content=\"Dur\u00e9e de lecture estim\u00e9e\" \/>\n\t<meta name=\"twitter:data1\" content=\"3 minutes\" \/>\n<script type=\"application\/ld+json\" class=\"yoast-schema-graph\">{\"@context\":\"https:\\\/\\\/schema.org\",\"@graph\":[{\"@type\":\"WebPage\",\"@id\":\"https:\\\/\\\/tailorsurfboards.com\\\/index.php\\\/eggito-v2\\\/\",\"url\":\"https:\\\/\\\/tailorsurfboards.com\\\/index.php\\\/eggito-v2\\\/\",\"name\":\"Eggito V2 - TAILORSURFBOARDS\",\"isPartOf\":{\"@id\":\"https:\\\/\\\/tailorsurfboards.com\\\/#website\"},\"primaryImageOfPage\":{\"@id\":\"https:\\\/\\\/tailorsurfboards.com\\\/index.php\\\/eggito-v2\\\/#primaryimage\"},\"image\":{\"@id\":\"https:\\\/\\\/tailorsurfboards.com\\\/index.php\\\/eggito-v2\\\/#primaryimage\"},\"thumbnailUrl\":\"https:\\\/\\\/tailorsurfboards.com\\\/wp-content\\\/uploads\\\/2023\\\/01\\\/IMG_44041-scaled.jpg\",\"datePublished\":\"2023-01-21T08:47:57+00:00\",\"dateModified\":\"2023-03-07T14:50:01+00:00\",\"description\":\"Cette V2 du EGG est parfaite pour les surfeurs cherchant \u00e0 \u00e9voluer dans leur surf. Que ce soit 2+1 ou tri fin c'est la board tout faire.\",\"breadcrumb\":{\"@id\":\"https:\\\/\\\/tailorsurfboards.com\\\/index.php\\\/eggito-v2\\\/#breadcrumb\"},\"inLanguage\":\"fr-FR\",\"potentialAction\":[{\"@type\":\"ReadAction\",\"target\":[\"https:\\\/\\\/tailorsurfboards.com\\\/index.php\\\/eggito-v2\\\/\"]}]},{\"@type\":\"ImageObject\",\"inLanguage\":\"fr-FR\",\"@id\":\"https:\\\/\\\/tailorsurfboards.com\\\/index.php\\\/eggito-v2\\\/#primaryimage\",\"url\":\"https:\\\/\\\/i0.wp.com\\\/tailorsurfboards.com\\\/wp-content\\\/uploads\\\/2023\\\/01\\\/IMG_44041-scaled.jpg?fit=1920%2C2560&ssl=1\",\"contentUrl\":\"https:\\\/\\\/i0.wp.com\\\/tailorsurfboards.com\\\/wp-content\\\/uploads\\\/2023\\\/01\\\/IMG_44041-scaled.jpg?fit=1920%2C2560&ssl=1\",\"width\":1920,\"height\":2560},{\"@type\":\"BreadcrumbList\",\"@id\":\"https:\\\/\\\/tailorsurfboards.com\\\/index.php\\\/eggito-v2\\\/#breadcrumb\",\"itemListElement\":[{\"@type\":\"ListItem\",\"position\":1,\"name\":\"Accueil\",\"item\":\"https:\\\/\\\/tailorsurfboards.com\\\/\"},{\"@type\":\"ListItem\",\"position\":2,\"name\":\"Eggito V2\"}]},{\"@type\":\"WebSite\",\"@id\":\"https:\\\/\\\/tailorsurfboards.com\\\/#website\",\"url\":\"https:\\\/\\\/tailorsurfboards.com\\\/\",\"name\":\"TAILORSURFBOARDS\",\"description\":\"More Wave, More Fun\",\"publisher\":{\"@id\":\"https:\\\/\\\/tailorsurfboards.com\\\/#organization\"},\"potentialAction\":[{\"@type\":\"SearchAction\",\"target\":{\"@type\":\"EntryPoint\",\"urlTemplate\":\"https:\\\/\\\/tailorsurfboards.com\\\/?s={search_term_string}\"},\"query-input\":{\"@type\":\"PropertyValueSpecification\",\"valueRequired\":true,\"valueName\":\"search_term_string\"}}],\"inLanguage\":\"fr-FR\"},{\"@type\":\"Organization\",\"@id\":\"https:\\\/\\\/tailorsurfboards.com\\\/#organization\",\"name\":\"tailorsurfboards\",\"url\":\"https:\\\/\\\/tailorsurfboards.com\\\/\",\"logo\":{\"@type\":\"ImageObject\",\"inLanguage\":\"fr-FR\",\"@id\":\"https:\\\/\\\/tailorsurfboards.com\\\/#\\\/schema\\\/logo\\\/image\\\/\",\"url\":\"https:\\\/\\\/i0.wp.com\\\/tailorsurfboards.com\\\/wp-content\\\/uploads\\\/2023\\\/01\\\/entete.jpg?fit=1814%2C489&ssl=1\",\"contentUrl\":\"https:\\\/\\\/i0.wp.com\\\/tailorsurfboards.com\\\/wp-content\\\/uploads\\\/2023\\\/01\\\/entete.jpg?fit=1814%2C489&ssl=1\",\"width\":1814,\"height\":489,\"caption\":\"tailorsurfboards\"},\"image\":{\"@id\":\"https:\\\/\\\/tailorsurfboards.com\\\/#\\\/schema\\\/logo\\\/image\\\/\"},\"sameAs\":[\"https:\\\/\\\/www.facebook.com\\\/TailorSurf\",\"https:\\\/\\\/www.instagram.com\\\/tailorsurfboards\\\/?hl=fr\"]}]}<\/script>\n<!-- \/ Yoast SEO plugin. -->","yoast_head_json":{"title":"Eggito V2 - TAILORSURFBOARDS","description":"Cette V2 du EGG est parfaite pour les surfeurs cherchant \u00e0 \u00e9voluer dans leur surf. Que ce soit 2+1 ou tri fin c'est la board tout faire.","robots":{"index":"index","follow":"follow","max-snippet":"max-snippet:-1","max-image-preview":"max-image-preview:large","max-video-preview":"max-video-preview:-1"},"canonical":"https:\/\/tailorsurfboards.com\/index.php\/eggito-v2\/","og_locale":"fr_FR","og_type":"article","og_title":"Eggito V2 - TAILORSURFBOARDS","og_description":"Cette V2 du EGG est parfaite pour les surfeurs cherchant \u00e0 \u00e9voluer dans leur surf. Que ce soit 2+1 ou tri fin c'est la board tout faire.","og_url":"https:\/\/tailorsurfboards.com\/index.php\/eggito-v2\/","og_site_name":"TAILORSURFBOARDS","article_publisher":"https:\/\/www.facebook.com\/TailorSurf","article_modified_time":"2023-03-07T14:50:01+00:00","og_image":[{"url":"https:\/\/tailorsurfboards.com\/wp-content\/uploads\/2023\/01\/IMG_44041-scaled.jpg","type":"","width":"","height":""}],"twitter_card":"summary_large_image","twitter_misc":{"Dur\u00e9e de lecture estim\u00e9e":"3 minutes"},"schema":{"@context":"https:\/\/schema.org","@graph":[{"@type":"WebPage","@id":"https:\/\/tailorsurfboards.com\/index.php\/eggito-v2\/","url":"https:\/\/tailorsurfboards.com\/index.php\/eggito-v2\/","name":"Eggito V2 - TAILORSURFBOARDS","isPartOf":{"@id":"https:\/\/tailorsurfboards.com\/#website"},"primaryImageOfPage":{"@id":"https:\/\/tailorsurfboards.com\/index.php\/eggito-v2\/#primaryimage"},"image":{"@id":"https:\/\/tailorsurfboards.com\/index.php\/eggito-v2\/#primaryimage"},"thumbnailUrl":"https:\/\/tailorsurfboards.com\/wp-content\/uploads\/2023\/01\/IMG_44041-scaled.jpg","datePublished":"2023-01-21T08:47:57+00:00","dateModified":"2023-03-07T14:50:01+00:00","description":"Cette V2 du EGG est parfaite pour les surfeurs cherchant \u00e0 \u00e9voluer dans leur surf. Que ce soit 2+1 ou tri fin c'est la board tout faire.","breadcrumb":{"@id":"https:\/\/tailorsurfboards.com\/index.php\/eggito-v2\/#breadcrumb"},"inLanguage":"fr-FR","potentialAction":[{"@type":"ReadAction","target":["https:\/\/tailorsurfboards.com\/index.php\/eggito-v2\/"]}]},{"@type":"ImageObject","inLanguage":"fr-FR","@id":"https:\/\/tailorsurfboards.com\/index.php\/eggito-v2\/#primaryimage","url":"https:\/\/i0.wp.com\/tailorsurfboards.com\/wp-content\/uploads\/2023\/01\/IMG_44041-scaled.jpg?fit=1920%2C2560&ssl=1","contentUrl":"https:\/\/i0.wp.com\/tailorsurfboards.com\/wp-content\/uploads\/2023\/01\/IMG_44041-scaled.jpg?fit=1920%2C2560&ssl=1","width":1920,"height":2560},{"@type":"BreadcrumbList","@id":"https:\/\/tailorsurfboards.com\/index.php\/eggito-v2\/#breadcrumb","itemListElement":[{"@type":"ListItem","position":1,"name":"Accueil","item":"https:\/\/tailorsurfboards.com\/"},{"@type":"ListItem","position":2,"name":"Eggito V2"}]},{"@type":"WebSite","@id":"https:\/\/tailorsurfboards.com\/#website","url":"https:\/\/tailorsurfboards.com\/","name":"TAILORSURFBOARDS","description":"More Wave, More Fun","publisher":{"@id":"https:\/\/tailorsurfboards.com\/#organization"},"potentialAction":[{"@type":"SearchAction","target":{"@type":"EntryPoint","urlTemplate":"https:\/\/tailorsurfboards.com\/?s={search_term_string}"},"query-input":{"@type":"PropertyValueSpecification","valueRequired":true,"valueName":"search_term_string"}}],"inLanguage":"fr-FR"},{"@type":"Organization","@id":"https:\/\/tailorsurfboards.com\/#organization","name":"tailorsurfboards","url":"https:\/\/tailorsurfboards.com\/","logo":{"@type":"ImageObject","inLanguage":"fr-FR","@id":"https:\/\/tailorsurfboards.com\/#\/schema\/logo\/image\/","url":"https:\/\/i0.wp.com\/tailorsurfboards.com\/wp-content\/uploads\/2023\/01\/entete.jpg?fit=1814%2C489&ssl=1","contentUrl":"https:\/\/i0.wp.com\/tailorsurfboards.com\/wp-content\/uploads\/2023\/01\/entete.jpg?fit=1814%2C489&ssl=1","width":1814,"height":489,"caption":"tailorsurfboards"},"image":{"@id":"https:\/\/tailorsurfboards.com\/#\/schema\/logo\/image\/"},"sameAs":["https:\/\/www.facebook.com\/TailorSurf","https:\/\/www.instagram.com\/tailorsurfboards\/?hl=fr"]}]}},"jetpack_sharing_enabled":true,"_links":{"self":[{"href":"https:\/\/tailorsurfboards.com\/index.php\/wp-json\/wp\/v2\/pages\/734","targetHints":{"allow":["GET"]}}],"collection":[{"href":"https:\/\/tailorsurfboards.com\/index.php\/wp-json\/wp\/v2\/pages"}],"about":[{"href":"https:\/\/tailorsurfboards.com\/index.php\/wp-json\/wp\/v2\/types\/page"}],"author":[{"embeddable":true,"href":"https:\/\/tailorsurfboards.com\/index.php\/wp-json\/wp\/v2\/users\/1"}],"replies":[{"embeddable":true,"href":"https:\/\/tailorsurfboards.com\/index.php\/wp-json\/wp\/v2\/comments?post=734"}],"version-history":[{"count":9,"href":"https:\/\/tailorsurfboards.com\/index.php\/wp-json\/wp\/v2\/pages\/734\/revisions"}],"predecessor-version":[{"id":876,"href":"https:\/\/tailorsurfboards.com\/index.php\/wp-json\/wp\/v2\/pages\/734\/revisions\/876"}],"wp:attachment":[{"href":"https:\/\/tailorsurfboards.com\/index.php\/wp-json\/wp\/v2\/media?parent=734"}],"curies":[{"name":"wp","href":"https:\/\/api.w.org\/{rel}","templated":true}]}}